{"id":18,"date":"2021-02-07T20:35:03","date_gmt":"2021-02-07T20:35:03","guid":{"rendered":"http:\/\/black-dog.ch\/?page_id=18"},"modified":"2021-02-07T20:35:03","modified_gmt":"2021-02-07T20:35:03","slug":"hundegitter-eine-gute-losung","status":"publish","type":"page","link":"https:\/\/black-dog.ch\/?page_id=18","title":{"rendered":"Hundegitter &#8211; eine gute L\u00f6sung"},"content":{"rendered":"\n<p><br>Viele Automodelle haben Kofferraumausmessungen und abgeschr\u00e4gte Formen, welche die Verwendung einer Hundebox erschweren resp. bei Verwendung einer Hundebox keinen zus\u00e4tzlichen Nutzungsraum mehr haben.<\/p>\n\n\n\n<p>Ein Gitter hat den Vorteil, dass es den Laderaum optimal ausnutzt, d.h. der Hund hat gen\u00fcgend Platz und gleichzeitig kann (gesicherte) Zusatzladung weiterhin im Kofferraum verstaut werden. Bei mehreren, vertr\u00e4glichen Hunden kann der Platz optimal genutzt werden.<\/p>\n\n\n\n<p>Die Verwendung eines stabilen Trenngitters zum Fahrerraum ist immer empfohlen, da es verhindert, dass der Hund nach vorne katapultiert wird bei einer Vollbremsung.<\/p>\n\n\n\n<p>Ein Heckgitter ist die optimale L\u00f6sung um den Hund bei Fahrpausen vor \u00dcberhitzung zu sch\u00fctzen. Es erm\u00f6glicht, dass der Kofferraum offengelassen werden kann, ohne Risiko, dass der Hund entweichen oder gestohlen werden kann. &nbsp;Trotzdem sollte niemals ein Hund unbeaufsichtigt l\u00e4ngere Zeit im Auto gelassen werden!<\/p>\n","protected":false},"excerpt":{"rendered":"<p>Viele Automodelle haben Kofferraumausmessungen und abgeschr\u00e4gte Formen, welche die Verwendung einer Hundebox erschweren resp. bei Verwendung einer Hundebox keinen zus\u00e4tzlichen Nutzungsraum mehr haben. Ein Gitter hat den Vorteil, dass es den Laderaum optimal ausnutzt, d.h. der Hund hat gen\u00fcgend Platz und gleichzeitig kann (gesicherte) Zusatzladung weiterhin im Kofferraum verstaut werden. Bei mehreren, vertr\u00e4glichen Hunden kann &hellip; <\/p>\n<p class=\"link-more\"><a href=\"https:\/\/black-dog.ch\/?page_id=18\" class=\"more-link\">Continue reading<span class=\"screen-reader-text\"> &#8220;Hundegitter &#8211; eine gute L\u00f6sung&#8221;<\/span><\/a><\/p>\n","protected":false},"author":1,"featured_media":0,"parent":0,"menu_order":0,"comment_status":"closed","ping_status":"closed","template":"","meta":{"footnotes":""},"class_list":["post-18","page","type-page","status-publish","hentry","entry"],"_links":{"self":[{"href":"https:\/\/black-dog.ch\/index.php?rest_route=\/wp\/v2\/pages\/18","targetHints":{"allow":["GET"]}}],"collection":[{"href":"https:\/\/black-dog.ch\/index.php?rest_route=\/wp\/v2\/pages"}],"about":[{"href":"https:\/\/black-dog.ch\/index.php?rest_route=\/wp\/v2\/types\/page"}],"author":[{"embeddable":true,"href":"https:\/\/black-dog.ch\/index.php?rest_route=\/wp\/v2\/users\/1"}],"replies":[{"embeddable":true,"href":"https:\/\/black-dog.ch\/index.php?rest_route=%2Fwp%2Fv2%2Fcomments&post=18"}],"version-history":[{"count":1,"href":"https:\/\/black-dog.ch\/index.php?rest_route=\/wp\/v2\/pages\/18\/revisions"}],"predecessor-version":[{"id":19,"href":"https:\/\/black-dog.ch\/index.php?rest_route=\/wp\/v2\/pages\/18\/revisions\/19"}],"wp:attachment":[{"href":"https:\/\/black-dog.ch\/index.php?rest_route=%2Fwp%2Fv2%2Fmedia&parent=18"}],"curies":[{"name":"wp","href":"https:\/\/api.w.org\/{rel}","templated":true}]}}