{"id":26,"date":"2021-02-07T20:37:05","date_gmt":"2021-02-07T20:37:05","guid":{"rendered":"http:\/\/black-dog.ch\/?page_id=26"},"modified":"2021-02-07T20:37:05","modified_gmt":"2021-02-07T20:37:05","slug":"hitze-im-auto","status":"publish","type":"page","link":"https:\/\/black-dog.ch\/?page_id=26","title":{"rendered":"Hitze im Auto"},"content":{"rendered":"\n<p>Der Transport von Hunden bei warmen Temperaturen ist immer heikel, da die Temperatur im Auto sehr rasch stark ansteigt und den Hund rasch in Lebensgefahr bringen kann. Jedes Jahr ereignen sich unn\u00f6tige Trag\u00f6dien, weil die Besitzer diese Tatsache untersch\u00e4tzen.<\/p>\n\n\n\n<p>Bereits nach 10 Minuten besteht bei einer Aussentemperatur von 26 Grad im Innern des Autos akute Lebensgefahr, da die Innentemperatur auf \u00fcber 33 Grad ansteigt &#8211; bei relativ k\u00fchlen 20 Grad Aussentemperatur heizt sich ein Auto im Innern innert 30 Minuten auf 36 Grad auf! Die Fenster einen Spalt weit \u00f6ffnen gen\u00fcgt bereits im Fr\u00fchling oder an einem sonnigen Herbsttag nicht!<\/p>\n\n\n\n<p>Hitzeentwicklung im Auto: bereits nach kurzer Zeit droht Gefahr f\u00fcr den Hund!<\/p>\n\n\n\n<p>Quelle der Temperaturdaten und Kampagneninformationen: http:\/\/www.susyutzinger.ch\/de\/aktivitaeten\/kampagnen-und-plakate\/poster-todesfalle-auto\/<\/p>\n\n\n\n<p>Ein Hund sollte niemals l\u00e4ngere Zeit unbeaufsichtigt im Auto gelassen werden, vor allem nicht im Sommer. Auch im Parkhaus ist die Nachwirkung eines aufgeheizten Autos nicht zu untersch\u00e4tzen.<\/p>\n\n\n\n<p>Mit einem Heckgitter k\u00f6nnen Sie den Kofferraum vollst\u00e4ndig ge\u00f6ffnet lassen und so eine optimale L\u00fcftung sicherstellen, ohne dass die Gefahr besteht, dass in Ihr Fahrzeug eingebrochen wird oder ihr Hund entweichen kann.<\/p>\n\n\n\n<p>Trotzdem sollte im Sommer ein Auto niemals in der prallen Sonne abgestellt werden und gegeben falls mit einem zus\u00e4tzlichen Sonnenschutz (z.B. Sunbrero oder Sunbreaker) abgedeckt werde. Regelm\u00e4ssige Kontrollen sind Pflicht, wenn die Standzeit l\u00e4nger dauert.<\/p>\n","protected":false},"excerpt":{"rendered":"<p>Der Transport von Hunden bei warmen Temperaturen ist immer heikel, da die Temperatur im Auto sehr rasch stark ansteigt und den Hund rasch in Lebensgefahr bringen kann. Jedes Jahr ereignen sich unn\u00f6tige Trag\u00f6dien, weil die Besitzer diese Tatsache untersch\u00e4tzen. Bereits nach 10 Minuten besteht bei einer Aussentemperatur von 26 Grad im Innern des Autos akute &hellip; <\/p>\n<p class=\"link-more\"><a href=\"https:\/\/black-dog.ch\/?page_id=26\" class=\"more-link\">Continue reading<span class=\"screen-reader-text\"> &#8220;Hitze im Auto&#8221;<\/span><\/a><\/p>\n","protected":false},"author":1,"featured_media":0,"parent":0,"menu_order":0,"comment_status":"closed","ping_status":"closed","template":"","meta":{"footnotes":""},"class_list":["post-26","page","type-page","status-publish","hentry","entry"],"_links":{"self":[{"href":"https:\/\/black-dog.ch\/index.php?rest_route=\/wp\/v2\/pages\/26","targetHints":{"allow":["GET"]}}],"collection":[{"href":"https:\/\/black-dog.ch\/index.php?rest_route=\/wp\/v2\/pages"}],"about":[{"href":"https:\/\/black-dog.ch\/index.php?rest_route=\/wp\/v2\/types\/page"}],"author":[{"embeddable":true,"href":"https:\/\/black-dog.ch\/index.php?rest_route=\/wp\/v2\/users\/1"}],"replies":[{"embeddable":true,"href":"https:\/\/black-dog.ch\/index.php?rest_route=%2Fwp%2Fv2%2Fcomments&post=26"}],"version-history":[{"count":1,"href":"https:\/\/black-dog.ch\/index.php?rest_route=\/wp\/v2\/pages\/26\/revisions"}],"predecessor-version":[{"id":27,"href":"https:\/\/black-dog.ch\/index.php?rest_route=\/wp\/v2\/pages\/26\/revisions\/27"}],"wp:attachment":[{"href":"https:\/\/black-dog.ch\/index.php?rest_route=%2Fwp%2Fv2%2Fmedia&parent=26"}],"curies":[{"name":"wp","href":"https:\/\/api.w.org\/{rel}","templated":true}]}}