{"id":28,"date":"2021-02-07T20:37:38","date_gmt":"2021-02-07T20:37:38","guid":{"rendered":"http:\/\/black-dog.ch\/?page_id=28"},"modified":"2021-02-07T20:37:38","modified_gmt":"2021-02-07T20:37:38","slug":"uber-mich","status":"publish","type":"page","link":"https:\/\/black-dog.ch\/?page_id=28","title":{"rendered":"\u00dcber mich"},"content":{"rendered":"\n<p>Mein Name ist Philipp M\u00fchlethaler.<\/p>\n\n\n\n<p>1986 beendete ich meine Ausbildung als Metallbauschlosser erfolgreich. Nach zwei Jahren als Metallbauschlosser ging ich zum Bund und arbeitete dort lange&nbsp;als Waffen- und Gesch\u00fctzmechaniker.<\/p>\n\n\n\n<p>Dank meinen guten Beziehungen zum Lehrbetrieb konnte ich jederzeit private Arbeiten machen,&nbsp;was ich auch rege nutzte&nbsp;&#8211; sei es um etwas f\u00fcr das Motorrad zu machen oder Gel\u00e4nder und Fenstergitter f\u00fcr Freunde.<\/p>\n\n\n\n<p>Seit 2002 besitze ich Windhunde und habe gesehen, dass viele Windhund-Besitzer lieber ein Gitter im Auto haben als eine Hundebox.<\/p>\n\n\n\n<p>Schnell fand ich heraus, wie praktisch so ein Gitter ist, vor allem, wenn man mit dem Hund unterwegs ist. Bei einer kurzen Rast kann man die Heckklappe offen lassen, der Hund kriegt genug Luft und sogar das Gep\u00e4ck ist gegen Diebstahl gesichert. Mit einem Gitter kann man besser zuladen als wenn eine Hundebox den Grossteil des Raumes versperrt. Zudem kann man das Gitter sehr rasch entfernen, wenn etwas Gr\u00f6sseres transportiert werden muss.<\/p>\n\n\n\n<p>Ich fand die Idee besser als Hundeboxen&nbsp;und habe mein erstes Gitter f\u00fcr mein Auto selber gemacht. Dazumal noch mit Bau und Hobby Beschl\u00e4gen.<\/p>\n\n\n\n<p>In meinem Freundeskreis hat das die Runde gemacht und ich begann auch f\u00fcr Freunde und Bekannte Gittereinbauten in Autos und Wohnmobile zu bauen.<\/p>\n\n\n\n<p>Nach meinem Wegzug von der Innerschweiz in den Aargau konnte ich leider nicht mehr die Werkstatt des Lehrbetriebes nutzen. Deshalb habe ich mir in unserem Schopf meine eigene kleine Werkstatt eingerichtet.<\/p>\n\n\n\n<p>Angefangen mit einem Schweissger\u00e4t und einer Trennschleifmaschiene habe ich meinen Maschinen Park laufend erweitert und die Werkstatt ausgebaut, bis ich ad\u00e4quat arbeiten konnte.<\/p>\n","protected":false},"excerpt":{"rendered":"<p>Mein Name ist Philipp M\u00fchlethaler. 1986 beendete ich meine Ausbildung als Metallbauschlosser erfolgreich. Nach zwei Jahren als Metallbauschlosser ging ich zum Bund und arbeitete dort lange&nbsp;als Waffen- und Gesch\u00fctzmechaniker. Dank meinen guten Beziehungen zum Lehrbetrieb konnte ich jederzeit private Arbeiten machen,&nbsp;was ich auch rege nutzte&nbsp;&#8211; sei es um etwas f\u00fcr das Motorrad zu machen oder &hellip; <\/p>\n<p class=\"link-more\"><a href=\"https:\/\/black-dog.ch\/?page_id=28\" class=\"more-link\">Continue reading<span class=\"screen-reader-text\"> &#8220;\u00dcber mich&#8221;<\/span><\/a><\/p>\n","protected":false},"author":1,"featured_media":0,"parent":0,"menu_order":0,"comment_status":"closed","ping_status":"closed","template":"","meta":{"footnotes":""},"class_list":["post-28","page","type-page","status-publish","hentry","entry"],"_links":{"self":[{"href":"https:\/\/black-dog.ch\/index.php?rest_route=\/wp\/v2\/pages\/28","targetHints":{"allow":["GET"]}}],"collection":[{"href":"https:\/\/black-dog.ch\/index.php?rest_route=\/wp\/v2\/pages"}],"about":[{"href":"https:\/\/black-dog.ch\/index.php?rest_route=\/wp\/v2\/types\/page"}],"author":[{"embeddable":true,"href":"https:\/\/black-dog.ch\/index.php?rest_route=\/wp\/v2\/users\/1"}],"replies":[{"embeddable":true,"href":"https:\/\/black-dog.ch\/index.php?rest_route=%2Fwp%2Fv2%2Fcomments&post=28"}],"version-history":[{"count":1,"href":"https:\/\/black-dog.ch\/index.php?rest_route=\/wp\/v2\/pages\/28\/revisions"}],"predecessor-version":[{"id":29,"href":"https:\/\/black-dog.ch\/index.php?rest_route=\/wp\/v2\/pages\/28\/revisions\/29"}],"wp:attachment":[{"href":"https:\/\/black-dog.ch\/index.php?rest_route=%2Fwp%2Fv2%2Fmedia&parent=28"}],"curies":[{"name":"wp","href":"https:\/\/api.w.org\/{rel}","templated":true}]}}