{"id":30,"date":"2021-02-07T20:38:09","date_gmt":"2021-02-07T20:38:09","guid":{"rendered":"http:\/\/black-dog.ch\/?page_id=30"},"modified":"2021-02-07T20:38:09","modified_gmt":"2021-02-07T20:38:09","slug":"wie-entsteht-ihr-neues-gitter","status":"publish","type":"page","link":"https:\/\/black-dog.ch\/?page_id=30","title":{"rendered":"Wie entsteht Ihr neues Gitter?"},"content":{"rendered":"\n<p>Da meine Gitter Massanfertigungen sind, sind sie nicht ab Stange erh\u00e4ltlich.<\/p>\n\n\n\n<p>Die Fertigung dauert je nach Anforderung zwischen 2 &#8211; 3 Wochen, wobei 1 Woche f\u00fcr das Sandstrahlen und Pulverbeschichten aufgewendet werden m\u00fcssen.<\/p>\n\n\n\n<p>Schritt: Besprechung&nbsp;und Offerte<br>Wir besprechen vor Ort Ihre W\u00fcnsche und ich erstelle Ihnen eine Offerte. In der Regel gilt ein Festpreis.<br>Schritt: Mass-Nehmen<br>Sie stellen Ihr Auto einen Tag zur Verf\u00fcgung. W\u00e4hrend dieser Zeit stelle ich Ihnen bei Bedarf ein Ersatz-Fahrzeug zur Verf\u00fcgung. Ich nehme alle notwendigen Masse und fertige&nbsp;den Grund-Rahmen.<br>Schritt: Fertigen des Rahmens und eventuelle Kontroll-Einpassung<br>Danach fertige ich das Gitter inklusive aller notwendigen T\u00fcren, etc. Es&nbsp;ist es von Vorteil und bei komplexen Gittern unbedingt notwendig, dass&nbsp;das Roh-Gitter in Ihr Auto eingepasst wird, bevor es zum Sandstrahlen geht. Dazu ben\u00f6tige ich Ihr Auto f\u00fcr zirka 1 Stunde.<br>Schritt: Sandstrahlen und Pulverbeschichten<br>Das Gitter wird extern gesandstrahlt und pulverbeschichtet in der von Ihnen ausgesuchten Farbe. Dieser Schritt dauert je nach Auslastung meines externen Partners rund 1 Woche. Spezialfarben ben\u00f6tigen oft&nbsp;zus\u00e4tzlich Zeit.<br>Schritt: Einbau in Ihr Fahrzeug<br>Zuletzt wird das Gitter in Ihr Fahrzeug eingebaut. Je nach Komplexit\u00e4t dauert dies eine bis mehrere Stunden. W\u00e4hrend dieser Zeit steht Ihnen ein Ersatz-Fahrzeug zur Erkl\u00e4rung.<br>Schritt: Abnahme&nbsp;und Erkl\u00e4rung<br>Ich erkl\u00e4re Ihnen genau, wie das Gitter eingebaut und ausgebaut werden kann. Der Ein- und Ausbau&nbsp;erfolgt ohne Werkzeuge. Die Bezahlung erfolgt danach in Bar oder auf Rechnung.<br>Zwei Jahre Garantie<br>Alle Gitter erhalten zwei Jahre Garantie. Treten unerwartet Probleme oder Fragen auf, melden Sie sich bei mir.<br>Schaffen Sie sich ein neues Auto an, kann das Gitter oft&nbsp;kosteng\u00fcnstig an das neue Modell angepasst werden. Dies h\u00e4ngt vom Gitter und Ihrem neuen Auto ab.<\/p>\n","protected":false},"excerpt":{"rendered":"<p>Da meine Gitter Massanfertigungen sind, sind sie nicht ab Stange erh\u00e4ltlich. Die Fertigung dauert je nach Anforderung zwischen 2 &#8211; 3 Wochen, wobei 1 Woche f\u00fcr das Sandstrahlen und Pulverbeschichten aufgewendet werden m\u00fcssen. Schritt: Besprechung&nbsp;und OfferteWir besprechen vor Ort Ihre W\u00fcnsche und ich erstelle Ihnen eine Offerte. In der Regel gilt ein Festpreis.Schritt: Mass-NehmenSie stellen &hellip; <\/p>\n<p class=\"link-more\"><a href=\"https:\/\/black-dog.ch\/?page_id=30\" class=\"more-link\">Continue reading<span class=\"screen-reader-text\"> &#8220;Wie entsteht Ihr neues Gitter?&#8221;<\/span><\/a><\/p>\n","protected":false},"author":1,"featured_media":0,"parent":0,"menu_order":0,"comment_status":"closed","ping_status":"closed","template":"","meta":{"footnotes":""},"class_list":["post-30","page","type-page","status-publish","hentry","entry"],"_links":{"self":[{"href":"https:\/\/black-dog.ch\/index.php?rest_route=\/wp\/v2\/pages\/30","targetHints":{"allow":["GET"]}}],"collection":[{"href":"https:\/\/black-dog.ch\/index.php?rest_route=\/wp\/v2\/pages"}],"about":[{"href":"https:\/\/black-dog.ch\/index.php?rest_route=\/wp\/v2\/types\/page"}],"author":[{"embeddable":true,"href":"https:\/\/black-dog.ch\/index.php?rest_route=\/wp\/v2\/users\/1"}],"replies":[{"embeddable":true,"href":"https:\/\/black-dog.ch\/index.php?rest_route=%2Fwp%2Fv2%2Fcomments&post=30"}],"version-history":[{"count":1,"href":"https:\/\/black-dog.ch\/index.php?rest_route=\/wp\/v2\/pages\/30\/revisions"}],"predecessor-version":[{"id":31,"href":"https:\/\/black-dog.ch\/index.php?rest_route=\/wp\/v2\/pages\/30\/revisions\/31"}],"wp:attachment":[{"href":"https:\/\/black-dog.ch\/index.php?rest_route=%2Fwp%2Fv2%2Fmedia&parent=30"}],"curies":[{"name":"wp","href":"https:\/\/api.w.org\/{rel}","templated":true}]}}